{"id":152,"date":"2024-10-31T10:46:54","date_gmt":"2024-10-31T09:46:54","guid":{"rendered":"https:\/\/www.soundservicecenter.ch\/?page_id=152"},"modified":"2024-10-31T10:49:25","modified_gmt":"2024-10-31T09:49:25","slug":"lageplan","status":"publish","type":"page","link":"https:\/\/www.soundservicecenter.ch\/?page_id=152","title":{"rendered":"lageplan"},"content":{"rendered":"\t\t<div data-elementor-type=\"wp-page\" data-elementor-id=\"152\" class=\"elementor elementor-152\">\n\t\t\t\t<div class=\"elementor-element elementor-element-6b0ccec8 e-flex e-con-boxed e-con e-parent\" data-id=\"6b0ccec8\" data-element_type=\"container\">\n\t\t\t\t\t<div class=\"e-con-inner\">\n\t\t<div class=\"elementor-element elementor-element-5889d4f9 e-con-full elementor-hidden-tablet elementor-hidden-mobile e-flex e-con e-child\" data-id=\"5889d4f9\" data-element_type=\"container\">\n\t\t\t\t<div class=\"elementor-element elementor-element-228801f4 elementor-widget elementor-widget-spacer\" data-id=\"228801f4\" data-element_type=\"widget\" data-widget_type=\"spacer.default\">\n\t\t\t\t<div class=\"elementor-widget-container\">\n\t\t\t\t\t\t\t<div class=\"elementor-spacer\">\n\t\t\t<div class=\"elementor-spacer-inner\"><\/div>\n\t\t<\/div>\n\t\t\t\t\t\t<\/div>\n\t\t\t\t<\/div>\n\t\t\t\t<div class=\"elementor-element elementor-element-3d4a81e elementor-widget elementor-widget-image\" data-id=\"3d4a81e\" data-element_type=\"widget\" data-widget_type=\"image.default\">\n\t\t\t\t<div class=\"elementor-widget-container\">\n\t\t\t\t\t\t\t\t\t\t\t\t\t\t\t<img fetchpriority=\"high\" decoding=\"async\" width=\"1024\" height=\"239\" src=\"https:\/\/www.soundservicecenter.ch\/wp-content\/uploads\/2024\/10\/apfeldoc_logo_rz01-1024x239.jpg\" class=\"attachment-large size-large wp-image-23\" alt=\"\" srcset=\"https:\/\/www.soundservicecenter.ch\/wp-content\/uploads\/2024\/10\/apfeldoc_logo_rz01-1024x239.jpg 1024w, https:\/\/www.soundservicecenter.ch\/wp-content\/uploads\/2024\/10\/apfeldoc_logo_rz01-300x70.jpg 300w, https:\/\/www.soundservicecenter.ch\/wp-content\/uploads\/2024\/10\/apfeldoc_logo_rz01-768x179.jpg 768w, https:\/\/www.soundservicecenter.ch\/wp-content\/uploads\/2024\/10\/apfeldoc_logo_rz01.jpg 1250w\" sizes=\"(max-width: 1024px) 100vw, 1024px\" \/>\t\t\t\t\t\t\t\t\t\t\t\t\t\t\t<\/div>\n\t\t\t\t<\/div>\n\t\t\t\t<div class=\"elementor-element elementor-element-261adbf8 elementor-widget elementor-widget-image\" data-id=\"261adbf8\" data-element_type=\"widget\" data-widget_type=\"image.default\">\n\t\t\t\t<div class=\"elementor-widget-container\">\n\t\t\t\t\t\t\t\t\t\t\t\t\t\t\t<img decoding=\"async\" width=\"1024\" height=\"237\" src=\"https:\/\/www.soundservicecenter.ch\/wp-content\/uploads\/2024\/10\/logo-Triangle__-1024x237.png\" class=\"attachment-large size-large wp-image-29\" alt=\"\" srcset=\"https:\/\/www.soundservicecenter.ch\/wp-content\/uploads\/2024\/10\/logo-Triangle__-1024x237.png 1024w, https:\/\/www.soundservicecenter.ch\/wp-content\/uploads\/2024\/10\/logo-Triangle__-300x69.png 300w, https:\/\/www.soundservicecenter.ch\/wp-content\/uploads\/2024\/10\/logo-Triangle__-768x178.png 768w, https:\/\/www.soundservicecenter.ch\/wp-content\/uploads\/2024\/10\/logo-Triangle__-1536x355.png 1536w, https:\/\/www.soundservicecenter.ch\/wp-content\/uploads\/2024\/10\/logo-Triangle__-2048x473.png 2048w\" sizes=\"(max-width: 1024px) 100vw, 1024px\" \/>\t\t\t\t\t\t\t\t\t\t\t\t\t\t\t<\/div>\n\t\t\t\t<\/div>\n\t\t\t\t<div class=\"elementor-element elementor-element-3700ef29 elementor-widget elementor-widget-image\" data-id=\"3700ef29\" data-element_type=\"widget\" data-widget_type=\"image.default\">\n\t\t\t\t<div class=\"elementor-widget-container\">\n\t\t\t\t\t\t\t\t\t\t\t\t\t\t\t<img decoding=\"async\" width=\"512\" height=\"173\" src=\"https:\/\/www.soundservicecenter.ch\/wp-content\/uploads\/2024\/10\/Logo_Elipson.png\" class=\"attachment-large size-large wp-image-30\" alt=\"\" srcset=\"https:\/\/www.soundservicecenter.ch\/wp-content\/uploads\/2024\/10\/Logo_Elipson.png 512w, https:\/\/www.soundservicecenter.ch\/wp-content\/uploads\/2024\/10\/Logo_Elipson-300x101.png 300w\" sizes=\"(max-width: 512px) 100vw, 512px\" \/>\t\t\t\t\t\t\t\t\t\t\t\t\t\t\t<\/div>\n\t\t\t\t<\/div>\n\t\t\t\t<div class=\"elementor-element elementor-element-74295c5f elementor-widget elementor-widget-image\" data-id=\"74295c5f\" data-element_type=\"widget\" data-widget_type=\"image.default\">\n\t\t\t\t<div class=\"elementor-widget-container\">\n\t\t\t\t\t\t\t\t\t\t\t\t\t\t\t<img loading=\"lazy\" decoding=\"async\" width=\"96\" height=\"96\" src=\"https:\/\/www.soundservicecenter.ch\/wp-content\/uploads\/2024\/10\/thumb_layout_logo-RCF.png\" class=\"attachment-large size-large wp-image-28\" alt=\"\" \/>\t\t\t\t\t\t\t\t\t\t\t\t\t\t\t<\/div>\n\t\t\t\t<\/div>\n\t\t\t\t<div class=\"elementor-element elementor-element-3a1e4592 elementor-widget elementor-widget-image\" data-id=\"3a1e4592\" data-element_type=\"widget\" data-widget_type=\"image.default\">\n\t\t\t\t<div class=\"elementor-widget-container\">\n\t\t\t\t\t\t\t\t\t\t\t\t\t\t\t<img loading=\"lazy\" decoding=\"async\" width=\"164\" height=\"55\" src=\"https:\/\/www.soundservicecenter.ch\/wp-content\/uploads\/2024\/10\/Logo-Marantz.png\" class=\"attachment-large size-large wp-image-27\" alt=\"\" \/>\t\t\t\t\t\t\t\t\t\t\t\t\t\t\t<\/div>\n\t\t\t\t<\/div>\n\t\t\t\t<div class=\"elementor-element elementor-element-1f1c79a2 elementor-widget elementor-widget-image\" data-id=\"1f1c79a2\" data-element_type=\"widget\" data-widget_type=\"image.default\">\n\t\t\t\t<div class=\"elementor-widget-container\">\n\t\t\t\t\t\t\t\t\t\t\t\t\t\t\t<img loading=\"lazy\" decoding=\"async\" width=\"100\" height=\"100\" src=\"https:\/\/www.soundservicecenter.ch\/wp-content\/uploads\/2024\/10\/audac-logo.png\" class=\"attachment-large size-large wp-image-31\" alt=\"\" \/>\t\t\t\t\t\t\t\t\t\t\t\t\t\t\t<\/div>\n\t\t\t\t<\/div>\n\t\t\t\t<div class=\"elementor-element elementor-element-5afa2373 elementor-widget elementor-widget-image\" data-id=\"5afa2373\" data-element_type=\"widget\" data-widget_type=\"image.default\">\n\t\t\t\t<div class=\"elementor-widget-container\">\n\t\t\t\t\t\t\t\t\t\t\t\t\t\t\t<img loading=\"lazy\" decoding=\"async\" width=\"1000\" height=\"90\" src=\"https:\/\/www.soundservicecenter.ch\/wp-content\/uploads\/2024\/10\/blustream_p10_logo_web.png\" class=\"attachment-large size-large wp-image-32\" alt=\"\" srcset=\"https:\/\/www.soundservicecenter.ch\/wp-content\/uploads\/2024\/10\/blustream_p10_logo_web.png 1000w, https:\/\/www.soundservicecenter.ch\/wp-content\/uploads\/2024\/10\/blustream_p10_logo_web-300x27.png 300w, https:\/\/www.soundservicecenter.ch\/wp-content\/uploads\/2024\/10\/blustream_p10_logo_web-768x69.png 768w\" sizes=\"(max-width: 1000px) 100vw, 1000px\" \/>\t\t\t\t\t\t\t\t\t\t\t\t\t\t\t<\/div>\n\t\t\t\t<\/div>\n\t\t\t\t<div class=\"elementor-element elementor-element-3832f576 elementor-widget elementor-widget-image\" data-id=\"3832f576\" data-element_type=\"widget\" data-widget_type=\"image.default\">\n\t\t\t\t<div class=\"elementor-widget-container\">\n\t\t\t\t\t\t\t\t\t\t\t\t\t\t\t<img loading=\"lazy\" decoding=\"async\" width=\"345\" height=\"173\" src=\"https:\/\/www.soundservicecenter.ch\/wp-content\/uploads\/2024\/10\/Bild-Sennheiser.jpg\" class=\"attachment-large size-large wp-image-33\" alt=\"\" srcset=\"https:\/\/www.soundservicecenter.ch\/wp-content\/uploads\/2024\/10\/Bild-Sennheiser.jpg 345w, https:\/\/www.soundservicecenter.ch\/wp-content\/uploads\/2024\/10\/Bild-Sennheiser-300x150.jpg 300w\" sizes=\"(max-width: 345px) 100vw, 345px\" \/>\t\t\t\t\t\t\t\t\t\t\t\t\t\t\t<\/div>\n\t\t\t\t<\/div>\n\t\t\t\t<div class=\"elementor-element elementor-element-64aa577e elementor-widget elementor-widget-image\" data-id=\"64aa577e\" data-element_type=\"widget\" data-widget_type=\"image.default\">\n\t\t\t\t<div class=\"elementor-widget-container\">\n\t\t\t\t\t\t\t\t\t\t\t\t\t\t\t<img loading=\"lazy\" decoding=\"async\" width=\"96\" height=\"37\" src=\"https:\/\/www.soundservicecenter.ch\/wp-content\/uploads\/2024\/10\/thumb_WHD_Logo-Claim_RGB_300dpi.jpg\" class=\"attachment-large size-large wp-image-34\" alt=\"\" \/>\t\t\t\t\t\t\t\t\t\t\t\t\t\t\t<\/div>\n\t\t\t\t<\/div>\n\t\t\t\t<div class=\"elementor-element elementor-element-4ed4d618 elementor-widget elementor-widget-image\" data-id=\"4ed4d618\" data-element_type=\"widget\" data-widget_type=\"image.default\">\n\t\t\t\t<div class=\"elementor-widget-container\">\n\t\t\t\t\t\t\t\t\t\t\t\t\t\t\t<img loading=\"lazy\" decoding=\"async\" width=\"305\" height=\"130\" src=\"https:\/\/www.soundservicecenter.ch\/wp-content\/uploads\/2024\/10\/ABUS-logo.png\" class=\"attachment-large size-large wp-image-35\" alt=\"\" srcset=\"https:\/\/www.soundservicecenter.ch\/wp-content\/uploads\/2024\/10\/ABUS-logo.png 305w, https:\/\/www.soundservicecenter.ch\/wp-content\/uploads\/2024\/10\/ABUS-logo-300x128.png 300w\" sizes=\"(max-width: 305px) 100vw, 305px\" \/>\t\t\t\t\t\t\t\t\t\t\t\t\t\t\t<\/div>\n\t\t\t\t<\/div>\n\t\t\t\t<div class=\"elementor-element elementor-element-59e43411 elementor-widget elementor-widget-image\" data-id=\"59e43411\" data-element_type=\"widget\" data-widget_type=\"image.default\">\n\t\t\t\t<div class=\"elementor-widget-container\">\n\t\t\t\t\t\t\t\t\t\t\t\t\t\t\t<img loading=\"lazy\" decoding=\"async\" width=\"96\" height=\"64\" src=\"https:\/\/www.soundservicecenter.ch\/wp-content\/uploads\/2024\/10\/thumb_jablotron100.jpg\" class=\"attachment-large size-large wp-image-37\" alt=\"\" \/>\t\t\t\t\t\t\t\t\t\t\t\t\t\t\t<\/div>\n\t\t\t\t<\/div>\n\t\t\t\t<div class=\"elementor-element elementor-element-7a5af67f elementor-widget elementor-widget-image\" data-id=\"7a5af67f\" data-element_type=\"widget\" data-widget_type=\"image.default\">\n\t\t\t\t<div class=\"elementor-widget-container\">\n\t\t\t\t\t\t\t\t\t\t\t\t\t\t\t<img loading=\"lazy\" decoding=\"async\" width=\"190\" height=\"54\" src=\"https:\/\/www.soundservicecenter.ch\/wp-content\/uploads\/2024\/10\/Logo_DELL_New_DTPP_Logo.jpg\" class=\"attachment-large size-large wp-image-41\" alt=\"\" \/>\t\t\t\t\t\t\t\t\t\t\t\t\t\t\t<\/div>\n\t\t\t\t<\/div>\n\t\t\t\t<div class=\"elementor-element elementor-element-3202d8c8 elementor-widget elementor-widget-image\" data-id=\"3202d8c8\" data-element_type=\"widget\" data-widget_type=\"image.default\">\n\t\t\t\t<div class=\"elementor-widget-container\">\n\t\t\t\t\t\t\t\t\t\t\t\t\t\t\t<img loading=\"lazy\" decoding=\"async\" width=\"1024\" height=\"576\" src=\"https:\/\/www.soundservicecenter.ch\/wp-content\/uploads\/2024\/10\/1302_roll_live_sound.001-1024x576.jpg\" class=\"attachment-large size-large wp-image-42\" alt=\"\" srcset=\"https:\/\/www.soundservicecenter.ch\/wp-content\/uploads\/2024\/10\/1302_roll_live_sound.001-1024x576.jpg 1024w, https:\/\/www.soundservicecenter.ch\/wp-content\/uploads\/2024\/10\/1302_roll_live_sound.001-300x169.jpg 300w, https:\/\/www.soundservicecenter.ch\/wp-content\/uploads\/2024\/10\/1302_roll_live_sound.001-768x432.jpg 768w, https:\/\/www.soundservicecenter.ch\/wp-content\/uploads\/2024\/10\/1302_roll_live_sound.001.jpg 1280w\" sizes=\"(max-width: 1024px) 100vw, 1024px\" \/>\t\t\t\t\t\t\t\t\t\t\t\t\t\t\t<\/div>\n\t\t\t\t<\/div>\n\t\t\t\t<div class=\"elementor-element elementor-element-a07b310 elementor-widget elementor-widget-image\" data-id=\"a07b310\" data-element_type=\"widget\" data-widget_type=\"image.default\">\n\t\t\t\t<div class=\"elementor-widget-container\">\n\t\t\t\t\t\t\t\t\t\t\t\t\t\t\t<img loading=\"lazy\" decoding=\"async\" width=\"830\" height=\"106\" src=\"https:\/\/www.soundservicecenter.ch\/wp-content\/uploads\/2024\/10\/MACKIE2D_JPEG.jpg\" class=\"attachment-large size-large wp-image-43\" alt=\"\" srcset=\"https:\/\/www.soundservicecenter.ch\/wp-content\/uploads\/2024\/10\/MACKIE2D_JPEG.jpg 830w, https:\/\/www.soundservicecenter.ch\/wp-content\/uploads\/2024\/10\/MACKIE2D_JPEG-300x38.jpg 300w, https:\/\/www.soundservicecenter.ch\/wp-content\/uploads\/2024\/10\/MACKIE2D_JPEG-768x98.jpg 768w\" sizes=\"(max-width: 830px) 100vw, 830px\" \/>\t\t\t\t\t\t\t\t\t\t\t\t\t\t\t<\/div>\n\t\t\t\t<\/div>\n\t\t\t\t<div class=\"elementor-element elementor-element-2c1aa9da elementor-widget elementor-widget-image\" data-id=\"2c1aa9da\" data-element_type=\"widget\" data-widget_type=\"image.default\">\n\t\t\t\t<div class=\"elementor-widget-container\">\n\t\t\t\t\t\t\t\t\t\t\t\t\t\t\t<img loading=\"lazy\" decoding=\"async\" width=\"400\" height=\"110\" src=\"https:\/\/www.soundservicecenter.ch\/wp-content\/uploads\/2024\/10\/LOGO_20showtec.jpg\" class=\"attachment-large size-large wp-image-44\" alt=\"\" srcset=\"https:\/\/www.soundservicecenter.ch\/wp-content\/uploads\/2024\/10\/LOGO_20showtec.jpg 400w, https:\/\/www.soundservicecenter.ch\/wp-content\/uploads\/2024\/10\/LOGO_20showtec-300x83.jpg 300w\" sizes=\"(max-width: 400px) 100vw, 400px\" \/>\t\t\t\t\t\t\t\t\t\t\t\t\t\t\t<\/div>\n\t\t\t\t<\/div>\n\t\t\t\t<div class=\"elementor-element elementor-element-3d08cc34 elementor-widget elementor-widget-image\" data-id=\"3d08cc34\" data-element_type=\"widget\" data-widget_type=\"image.default\">\n\t\t\t\t<div class=\"elementor-widget-container\">\n\t\t\t\t\t\t\t\t\t\t\t\t\t\t\t<img loading=\"lazy\" decoding=\"async\" width=\"1024\" height=\"569\" src=\"https:\/\/www.soundservicecenter.ch\/wp-content\/uploads\/2024\/10\/JBL_png-1024x569.png\" class=\"attachment-large size-large wp-image-45\" alt=\"\" srcset=\"https:\/\/www.soundservicecenter.ch\/wp-content\/uploads\/2024\/10\/JBL_png-1024x569.png 1024w, https:\/\/www.soundservicecenter.ch\/wp-content\/uploads\/2024\/10\/JBL_png-300x167.png 300w, https:\/\/www.soundservicecenter.ch\/wp-content\/uploads\/2024\/10\/JBL_png-768x427.png 768w, https:\/\/www.soundservicecenter.ch\/wp-content\/uploads\/2024\/10\/JBL_png-1536x853.png 1536w, https:\/\/www.soundservicecenter.ch\/wp-content\/uploads\/2024\/10\/JBL_png.png 1561w\" sizes=\"(max-width: 1024px) 100vw, 1024px\" \/>\t\t\t\t\t\t\t\t\t\t\t\t\t\t\t<\/div>\n\t\t\t\t<\/div>\n\t\t\t\t<div class=\"elementor-element elementor-element-3fe94769 elementor-widget elementor-widget-image\" data-id=\"3fe94769\" data-element_type=\"widget\" data-widget_type=\"image.default\">\n\t\t\t\t<div class=\"elementor-widget-container\">\n\t\t\t\t\t\t\t\t\t\t\t\t\t\t\t<img loading=\"lazy\" decoding=\"async\" width=\"280\" height=\"74\" src=\"https:\/\/www.soundservicecenter.ch\/wp-content\/uploads\/2024\/10\/dangerous-music-logo-280.jpg\" class=\"attachment-large size-large wp-image-46\" alt=\"\" \/>\t\t\t\t\t\t\t\t\t\t\t\t\t\t\t<\/div>\n\t\t\t\t<\/div>\n\t\t\t\t<div class=\"elementor-element elementor-element-18d224d9 elementor-widget elementor-widget-image\" data-id=\"18d224d9\" data-element_type=\"widget\" data-widget_type=\"image.default\">\n\t\t\t\t<div class=\"elementor-widget-container\">\n\t\t\t\t\t\t\t\t\t\t\t\t\t\t\t<img loading=\"lazy\" decoding=\"async\" width=\"111\" height=\"83\" src=\"https:\/\/www.soundservicecenter.ch\/wp-content\/uploads\/2024\/10\/concert2.jpg\" class=\"attachment-large size-large wp-image-47\" alt=\"\" \/>\t\t\t\t\t\t\t\t\t\t\t\t\t\t\t<\/div>\n\t\t\t\t<\/div>\n\t\t\t\t<div class=\"elementor-element elementor-element-75740341 elementor-widget elementor-widget-text-editor\" data-id=\"75740341\" data-element_type=\"widget\" data-widget_type=\"text-editor.default\">\n\t\t\t\t<div class=\"elementor-widget-container\">\n\t\t\t\t\t\t\t\t\t<p><span style=\"color: #0000ff;\">Stromsparen mit LED in die Zukunft<\/span><\/p>\t\t\t\t\t\t\t\t<\/div>\n\t\t\t\t<\/div>\n\t\t\t\t<div class=\"elementor-element elementor-element-1ba90859 elementor-widget elementor-widget-text-editor\" data-id=\"1ba90859\" data-element_type=\"widget\" data-widget_type=\"text-editor.default\">\n\t\t\t\t<div class=\"elementor-widget-container\">\n\t\t\t\t\t\t\t\t\t<p>Professionelle\u00a0LED- Produkt, in 12 Volt, 24 Volt, 240 Volt, in div. Gr\u00f6ssen (L\u00e4ngen)<\/p><p>\u00a0<\/p><p>INFO: <a dir=\"ltr\" title=\"Stromsparen\" href=\"https:\/\/www.energieeffizienz.ch\/ratgeber.html\">Stromsparen &#8211; aber richtig!<\/a><\/p>\t\t\t\t\t\t\t\t<\/div>\n\t\t\t\t<\/div>\n\t\t\t\t<div class=\"elementor-element elementor-element-5e21ea34 elementor-widget elementor-widget-spacer\" data-id=\"5e21ea34\" data-element_type=\"widget\" data-widget_type=\"spacer.default\">\n\t\t\t\t<div class=\"elementor-widget-container\">\n\t\t\t\t\t\t\t<div class=\"elementor-spacer\">\n\t\t\t<div class=\"elementor-spacer-inner\"><\/div>\n\t\t<\/div>\n\t\t\t\t\t\t<\/div>\n\t\t\t\t<\/div>\n\t\t\t\t<div class=\"elementor-element elementor-element-1399309a elementor-widget elementor-widget-text-editor\" data-id=\"1399309a\" data-element_type=\"widget\" data-widget_type=\"text-editor.default\">\n\t\t\t\t<div class=\"elementor-widget-container\">\n\t\t\t\t\t\t\t\t\t<p><samp>audiosystem<\/samp><samp><br \/><\/samp><samp>audioanlagen<\/samp><samp><br \/><\/samp><samp>musikanlage<\/samp><samp><br \/><\/samp><samp>lichtanlagen<\/samp><samp><br \/><\/samp><samp>lichtsysteme<\/samp><samp><br \/><\/samp><samp>led\u00a0<br \/><\/samp><samp><br \/><\/samp><samp>Audio. &#8211; Light Systems Solutions<\/samp><\/p>\t\t\t\t\t\t\t\t<\/div>\n\t\t\t\t<\/div>\n\t\t\t\t<\/div>\n\t\t<div class=\"elementor-element elementor-element-383cc3b2 e-con-full e-flex e-con e-child\" data-id=\"383cc3b2\" data-element_type=\"container\">\n\t\t\t\t<div class=\"elementor-element elementor-element-91bd265 elementor-widget elementor-widget-heading\" data-id=\"91bd265\" data-element_type=\"widget\" data-widget_type=\"heading.default\">\n\t\t\t\t<div class=\"elementor-widget-container\">\n\t\t\t\t\t<h2 class=\"elementor-heading-title elementor-size-default\">LAGEPLAN<\/h2>\t\t\t\t<\/div>\n\t\t\t\t<\/div>\n\t\t\t\t<div class=\"elementor-element elementor-element-631cfdd5 elementor-widget elementor-widget-spacer\" data-id=\"631cfdd5\" data-element_type=\"widget\" data-widget_type=\"spacer.default\">\n\t\t\t\t<div class=\"elementor-widget-container\">\n\t\t\t\t\t\t\t<div class=\"elementor-spacer\">\n\t\t\t<div class=\"elementor-spacer-inner\"><\/div>\n\t\t<\/div>\n\t\t\t\t\t\t<\/div>\n\t\t\t\t<\/div>\n\t\t\t\t<div class=\"elementor-element elementor-element-7e1de9a2 elementor-widget elementor-widget-text-editor\" data-id=\"7e1de9a2\" data-element_type=\"widget\" data-widget_type=\"text-editor.default\">\n\t\t\t\t<div class=\"elementor-widget-container\">\n\t\t\t\t\t\t\t\t\t<p><strong>Zugerstrasse 64<\/strong><br \/><strong>8820 W\u00e4denswil<\/strong><\/p><p>(Eingang ist Nordstrasse 1, grosses graues Tor)<\/p><p>!!!!!!!! Achtung wir sind im 3. Stock !!!!!!!!<\/p><p>\u00d6ffentl. Verkehrsmittel: richtung Neub\u00fchl, W\u00e4denswil<\/p><p>Busse von nahegelegenen Haltstelle: &#171;Kr\u00e4hbach&#187;<br \/>Buss Nr. 128, 123<\/p>\t\t\t\t\t\t\t\t<\/div>\n\t\t\t\t<\/div>\n\t\t\t\t<\/div>\n\t\t<div class=\"elementor-element elementor-element-2e652fa e-con-full e-flex e-con e-child\" data-id=\"2e652fa\" data-element_type=\"container\">\n\t\t<div class=\"elementor-element elementor-element-61030dd4 e-con-full e-flex e-con e-child\" data-id=\"61030dd4\" data-element_type=\"container\" data-settings=\"{&quot;background_background&quot;:&quot;classic&quot;}\">\n\t\t\t\t<div class=\"elementor-element elementor-element-791fc877 elementor-widget elementor-widget-heading\" data-id=\"791fc877\" data-element_type=\"widget\" data-widget_type=\"heading.default\">\n\t\t\t\t<div class=\"elementor-widget-container\">\n\t\t\t\t\t<h2 class=\"elementor-heading-title elementor-size-default\">News<\/h2>\t\t\t\t<\/div>\n\t\t\t\t<\/div>\n\t\t\t\t<\/div>\n\t\t\t\t<\/div>\n\t\t\t\t\t<\/div>\n\t\t\t\t<\/div>\n\t\t\t\t<\/div>\n\t\t","protected":false},"excerpt":{"rendered":"<p>Stromsparen mit LED in die Zukunft Professionelle\u00a0LED- Produkt, in 12 Volt, 24 Volt, 240 Volt, in div. Gr\u00f6ssen (L\u00e4ngen) \u00a0 INFO: Stromsparen &#8211; aber richtig! audiosystemaudioanlagenmusikanlagelichtanlagenlichtsystemeled\u00a0Audio. &#8211; Light Systems Solutions LAGEPLAN Zugerstrasse 648820 W\u00e4denswil (Eingang ist Nordstrasse 1, grosses graues Tor) !!!!!!!! Achtung wir sind im 3. Stock !!!!!!!! \u00d6ffentl. Verkehrsmittel: richtung Neub\u00fchl, W\u00e4denswil Busse&hellip;&nbsp;<a href=\"https:\/\/www.soundservicecenter.ch\/?page_id=152\" rel=\"bookmark\"><span class=\"screen-reader-text\">lageplan<\/span><\/a><\/p>\n","protected":false},"author":1,"featured_media":0,"parent":0,"menu_order":0,"comment_status":"closed","ping_status":"closed","template":"elementor_header_footer","meta":{"neve_meta_sidebar":"","neve_meta_container":"","neve_meta_enable_content_width":"","neve_meta_content_width":0,"neve_meta_title_alignment":"","neve_meta_author_avatar":"","neve_post_elements_order":"","neve_meta_disable_header":"","neve_meta_disable_footer":"","neve_meta_disable_title":"","footnotes":""},"class_list":["post-152","page","type-page","status-publish","hentry"],"aioseo_notices":[],"_links":{"self":[{"href":"https:\/\/www.soundservicecenter.ch\/index.php?rest_route=\/wp\/v2\/pages\/152","targetHints":{"allow":["GET"]}}],"collection":[{"href":"https:\/\/www.soundservicecenter.ch\/index.php?rest_route=\/wp\/v2\/pages"}],"about":[{"href":"https:\/\/www.soundservicecenter.ch\/index.php?rest_route=\/wp\/v2\/types\/page"}],"author":[{"embeddable":true,"href":"https:\/\/www.soundservicecenter.ch\/index.php?rest_route=\/wp\/v2\/users\/1"}],"replies":[{"embeddable":true,"href":"https:\/\/www.soundservicecenter.ch\/index.php?rest_route=%2Fwp%2Fv2%2Fcomments&post=152"}],"version-history":[{"count":7,"href":"https:\/\/www.soundservicecenter.ch\/index.php?rest_route=\/wp\/v2\/pages\/152\/revisions"}],"predecessor-version":[{"id":159,"href":"https:\/\/www.soundservicecenter.ch\/index.php?rest_route=\/wp\/v2\/pages\/152\/revisions\/159"}],"wp:attachment":[{"href":"https:\/\/www.soundservicecenter.ch\/index.php?rest_route=%2Fwp%2Fv2%2Fmedia&parent=152"}],"curies":[{"name":"wp","href":"https:\/\/api.w.org\/{rel}","templated":true}]}}